{"id":1673,"date":"2021-10-12T15:06:01","date_gmt":"2021-10-12T15:06:01","guid":{"rendered":"https:\/\/mykoltrina-istria.com\/blog-style-3\/"},"modified":"2025-05-04T12:26:33","modified_gmt":"2025-05-04T12:26:33","slug":"blog-style-3","status":"publish","type":"page","link":"https:\/\/mykoltrina-istria.com\/de\/blog-style-3\/","title":{"rendered":"Blog"},"content":{"rendered":"\t\t<div data-elementor-type=\"wp-page\" data-elementor-id=\"1673\" class=\"elementor elementor-1673 elementor-42\">\n\t\t\t\t\t\t<section class=\"elementor-section elementor-top-section elementor-element elementor-element-6ebbe4d elementor-section-full_width elementor-section-height-default elementor-section-height-default\" data-id=\"6ebbe4d\" data-element_type=\"section\" data-e-type=\"section\" data-settings=\"{&quot;background_background&quot;:&quot;classic&quot;}\">\n\t\t\t\t\t\t<div class=\"elementor-container elementor-column-gap-no\">\n\t\t\t\t\t<div class=\"elementor-column elementor-col-50 elementor-top-column elementor-element elementor-element-64921458\" data-id=\"64921458\" data-element_type=\"column\" data-e-type=\"column\" data-settings=\"{&quot;background_background&quot;:&quot;classic&quot;}\">\n\t\t\t<div class=\"elementor-widget-wrap elementor-element-populated\">\n\t\t\t\t\t\t<div class=\"elementor-element elementor-element-10375400 elementor-widget__width-initial elementor-hidden-mobile elementor-widget-tablet__width-inherit elementor-hidden-tablet elementor-widget elementor-widget-image\" data-id=\"10375400\" data-element_type=\"widget\" data-e-type=\"widget\" data-widget_type=\"image.default\">\n\t\t\t\t<div class=\"elementor-widget-container\">\n\t\t\t\t\t\t\t\t\t\t\t\t\t\t\t<img fetchpriority=\"high\" decoding=\"async\" width=\"915\" height=\"610\" src=\"https:\/\/mykoltrina-istria.com\/wp-content\/uploads\/2021\/09\/kozlovic02.jpg\" class=\"attachment-full size-full wp-image-1410\" alt=\"\" srcset=\"https:\/\/mykoltrina-istria.com\/wp-content\/uploads\/2021\/09\/kozlovic02.jpg 915w, https:\/\/mykoltrina-istria.com\/wp-content\/uploads\/2021\/09\/kozlovic02-300x200.jpg 300w, https:\/\/mykoltrina-istria.com\/wp-content\/uploads\/2021\/09\/kozlovic02-768x512.jpg 768w, https:\/\/mykoltrina-istria.com\/wp-content\/uploads\/2021\/09\/kozlovic02-120x80.jpg 120w, https:\/\/mykoltrina-istria.com\/wp-content\/uploads\/2021\/09\/kozlovic02-394x263.jpg 394w, https:\/\/mykoltrina-istria.com\/wp-content\/uploads\/2021\/09\/kozlovic02-150x100.jpg 150w\" sizes=\"(max-width: 915px) 100vw, 915px\" \/>\t\t\t\t\t\t\t\t\t\t\t\t\t\t\t<\/div>\n\t\t\t\t<\/div>\n\t\t\t\t<div class=\"elementor-element elementor-element-205e9a36 elementor-widget__width-initial elementor-widget-tablet__width-inherit elementor-widget-mobile__width-inherit elementor-view-default elementor-position-top elementor-widget elementor-widget-themo-header\" data-id=\"205e9a36\" data-element_type=\"widget\" data-e-type=\"widget\" data-widget_type=\"themo-header.default\">\n\t\t\t\t<div class=\"elementor-widget-container\">\n\t\t\t\t\t\t\t<div class=\"th-header-wrap\">\n        <div class=\"elementor-icon-box-wrapper \">\n                            <div class=\"elementor-icon-box-content\">\n                    <h1 class=\"elementor-icon-box-title\">\n                        Blog                    <\/h1>\n                                        <p class=\"elementor-icon-box-description\"><\/p>\n\n                                    <\/div>\n            <\/div>\n\n        <\/div>\n\n\t\t\t\t\t\t<\/div>\n\t\t\t\t<\/div>\n\t\t\t\t<div class=\"elementor-element elementor-element-5e837ba8 elementor-widget__width-initial elementor-widget-tablet__width-inherit elementor-widget-mobile__width-inherit elementor-widget elementor-widget-text-editor\" data-id=\"5e837ba8\" data-element_type=\"widget\" data-e-type=\"widget\" data-widget_type=\"text-editor.default\">\n\t\t\t\t<div class=\"elementor-widget-container\">\n\t\t\t\t\t\t\t\t\t<p>Erfahren Sie mehr \u00fcber die nat\u00fcrlichen, kulinarischen und kulturellen Highlights, die Istrien zu bieten hat.<\/p>\t\t\t\t\t\t\t\t<\/div>\n\t\t\t\t<\/div>\n\t\t\t\t\t<\/div>\n\t\t<\/div>\n\t\t\t\t<div class=\"elementor-column elementor-col-50 elementor-top-column elementor-element elementor-element-25c2ab67 elementor-hidden-phone\" data-id=\"25c2ab67\" data-element_type=\"column\" data-e-type=\"column\" data-settings=\"{&quot;background_background&quot;:&quot;classic&quot;}\">\n\t\t\t<div class=\"elementor-widget-wrap elementor-element-populated\">\n\t\t\t\t\t\t\t<\/div>\n\t\t<\/div>\n\t\t\t\t\t<\/div>\n\t\t<\/section>\n\t\t\t\t<section class=\"elementor-section elementor-top-section elementor-element elementor-element-cba0b29 elementor-section-boxed elementor-section-height-default elementor-section-height-default\" data-id=\"cba0b29\" data-element_type=\"section\" data-e-type=\"section\" data-settings=\"{&quot;background_background&quot;:&quot;classic&quot;}\">\n\t\t\t\t\t\t<div class=\"elementor-container elementor-column-gap-default\">\n\t\t\t\t\t<div class=\"elementor-column elementor-col-100 elementor-top-column elementor-element elementor-element-b2b30cc\" data-id=\"b2b30cc\" data-element_type=\"column\" data-e-type=\"column\">\n\t\t\t<div class=\"elementor-widget-wrap elementor-element-populated\">\n\t\t\t\t\t\t<div class=\"elementor-element elementor-element-6ee513c elementor-widget elementor-widget-themo-blog\" data-id=\"6ee513c\" data-element_type=\"widget\" data-e-type=\"widget\" data-widget_type=\"themo-blog.default\">\n\t\t\t\t<div class=\"elementor-widget-container\">\n\t\t\t\t\t\n                                <section class=\"th-masonry-blog th-blog-3-col\">\n\n                        <div class=\"mas-blog row\">\n                            <div class=\"mas-blog-post-sizer col-sm-6 col-md-4\"><\/div>\n                                                                                            <div class=\"mas-blog-post col-sm-6 col-md-4 post-1615 post type-post status-publish format-standard has-post-thumbnail hentry category-travel-de\">\n                                                <a href=\"https:\/\/mykoltrina-istria.com\/de\/2025\/03\/10\/istrien-erleben-mit-der-villa-my-koltrina\/\">\n            <img decoding=\"async\" width=\"394\" height=\"262\" src=\"https:\/\/mykoltrina-istria.com\/wp-content\/uploads\/2025\/03\/istra-394x262.jpg\" class=\"img-responsive wp-post-image\" alt=\"\" srcset=\"https:\/\/mykoltrina-istria.com\/wp-content\/uploads\/2025\/03\/istra-394x262.jpg 394w, https:\/\/mykoltrina-istria.com\/wp-content\/uploads\/2025\/03\/istra-300x200.jpg 300w, https:\/\/mykoltrina-istria.com\/wp-content\/uploads\/2025\/03\/istra-1024x682.jpg 1024w, https:\/\/mykoltrina-istria.com\/wp-content\/uploads\/2025\/03\/istra-768x512.jpg 768w, https:\/\/mykoltrina-istria.com\/wp-content\/uploads\/2025\/03\/istra-120x80.jpg 120w, https:\/\/mykoltrina-istria.com\/wp-content\/uploads\/2025\/03\/istra-915x610.jpg 915w, https:\/\/mykoltrina-istria.com\/wp-content\/uploads\/2025\/03\/istra-150x100.jpg 150w, https:\/\/mykoltrina-istria.com\/wp-content\/uploads\/2025\/03\/istra.jpg 1240w\" sizes=\"(max-width: 394px) 100vw, 394px\" \/>        <\/a>\n    \n<div class=\"post-inner\">\n    <h3 class=\"post-title\"><a href=\"https:\/\/mykoltrina-istria.com\/de\/2025\/03\/10\/istrien-erleben-mit-der-villa-my-koltrina\/\">Istrien erleben mit der Villa My Koltrina<\/a><\/h3>\n\n    <div class=\"post-meta\">\n    <a href=\"https:\/\/mykoltrina-istria.com\/de\/category\/travel-de\/\" rel=\"category tag\">Travel<\/a><\/div>\n\n            <div class=\"entry-content post-excerpt\">\n            <p>\n                Istrien erleben mit der Villa My Koltrina Das Istrien-Erlebnis endet nicht an den Toren der Villa My Koltrina \u2013 die wundersch\u00f6ne Region bietet alles: von feiner K\u00fcche bis zu spannenden Adrenalinparks. Ein Besuch in Rovinj bleibt unvergesslich \u2013 seine Altstadt &hellip; <a href=\"https:\/\/mykoltrina-istria.com\/de\/2025\/03\/10\/istrien-erleben-mit-der-villa-my-koltrina\/\">Read More<\/a>            <\/p>\n        <\/div>\n            <div class=\"date-meta\">\n    <span class=\"thmv-author\">\n    <i class=\"xs-icon fa fa-calendar-o\"><\/i>\n    <!--div class=\"post-meta\"-->\n        <span class=\"themo-mas-date-meta show-author\"><a href=\"https:\/\/mykoltrina-istria.com\/de\/author\/admin_vsn0fie2\/\" title=\"Beitr\u00e4ge von admin\" rel=\"author\">admin<\/a><\/span>\n    <\/span>\n    \n        <time class=\"themo-mas-date-meta published thmv-date\" datetime=\"2025-03-10T18:29:30+00:00\">10. M\u00e4rz 2025<\/time>\n            <!--\/div-->\n    <span class=\"is-sticky\">Featured Post<\/span>\n<\/div><\/div>\n                                <\/div>\n\n                                                                                            <div class=\"mas-blog-post col-sm-6 col-md-4 post-1619 post type-post status-publish format-standard has-post-thumbnail hentry category-travel-de\">\n                                                <a href=\"https:\/\/mykoltrina-istria.com\/de\/2023\/11\/04\/luxusurlaub-fuer-die-ganze-familie\/\">\n            <img decoding=\"async\" width=\"394\" height=\"263\" src=\"https:\/\/mykoltrina-istria.com\/wp-content\/uploads\/2023\/12\/villa-my-koltrina-istra-394x263.jpg\" class=\"img-responsive wp-post-image\" alt=\"\" srcset=\"https:\/\/mykoltrina-istria.com\/wp-content\/uploads\/2023\/12\/villa-my-koltrina-istra-394x263.jpg 394w, https:\/\/mykoltrina-istria.com\/wp-content\/uploads\/2023\/12\/villa-my-koltrina-istra-300x200.jpg 300w, https:\/\/mykoltrina-istria.com\/wp-content\/uploads\/2023\/12\/villa-my-koltrina-istra-768x512.jpg 768w, https:\/\/mykoltrina-istria.com\/wp-content\/uploads\/2023\/12\/villa-my-koltrina-istra-120x80.jpg 120w, https:\/\/mykoltrina-istria.com\/wp-content\/uploads\/2023\/12\/villa-my-koltrina-istra-150x100.jpg 150w, https:\/\/mykoltrina-istria.com\/wp-content\/uploads\/2023\/12\/villa-my-koltrina-istra.jpg 915w\" sizes=\"(max-width: 394px) 100vw, 394px\" \/>        <\/a>\n    \n<div class=\"post-inner\">\n    <h3 class=\"post-title\"><a href=\"https:\/\/mykoltrina-istria.com\/de\/2023\/11\/04\/luxusurlaub-fuer-die-ganze-familie\/\">Luxusurlaub f\u00fcr die ganze Familie<\/a><\/h3>\n\n    <div class=\"post-meta\">\n    <a href=\"https:\/\/mykoltrina-istria.com\/de\/category\/travel-de\/\" rel=\"category tag\">Travel<\/a><\/div>\n\n            <div class=\"entry-content post-excerpt\">\n            <p>\n                Luxusurlaub f\u00fcr die ganze Familie Ein Ort zum Entspannen. Zum Genie\u00dfen. Zum gemeinsamen Erleben. In der Villa My Koltrina finden Sie Raum f\u00fcr echte Familienzeit \u2013 mit Spa\u00df, Komfort und wertvollen Momenten. All das finden Sie in Istrien \u2013 und &hellip; <a href=\"https:\/\/mykoltrina-istria.com\/de\/2023\/11\/04\/luxusurlaub-fuer-die-ganze-familie\/\">Read More<\/a>            <\/p>\n        <\/div>\n            <div class=\"date-meta\">\n    <span class=\"thmv-author\">\n    <i class=\"xs-icon fa fa-calendar-o\"><\/i>\n    <!--div class=\"post-meta\"-->\n        <span class=\"themo-mas-date-meta show-author\"><a href=\"https:\/\/mykoltrina-istria.com\/de\/author\/admin_vsn0fie2\/\" title=\"Beitr\u00e4ge von admin\" rel=\"author\">admin<\/a><\/span>\n    <\/span>\n    \n        <time class=\"themo-mas-date-meta published thmv-date\" datetime=\"2023-11-04T15:40:01+00:00\">4. November 2023<\/time>\n            <!--\/div-->\n    <span class=\"is-sticky\">Featured Post<\/span>\n<\/div><\/div>\n                                <\/div>\n\n                                                                                            <div class=\"mas-blog-post col-sm-6 col-md-4 post-1623 post type-post status-publish format-standard has-post-thumbnail hentry category-travel-de\">\n                                                <a href=\"https:\/\/mykoltrina-istria.com\/de\/2021\/09\/27\/erstklassige-weine-aus-istrien\/\">\n            <img loading=\"lazy\" decoding=\"async\" width=\"394\" height=\"263\" src=\"https:\/\/mykoltrina-istria.com\/wp-content\/uploads\/2021\/09\/matosevic-394x263.jpg\" class=\"img-responsive wp-post-image\" alt=\"\" srcset=\"https:\/\/mykoltrina-istria.com\/wp-content\/uploads\/2021\/09\/matosevic-394x263.jpg 394w, https:\/\/mykoltrina-istria.com\/wp-content\/uploads\/2021\/09\/matosevic-300x200.jpg 300w, https:\/\/mykoltrina-istria.com\/wp-content\/uploads\/2021\/09\/matosevic-768x512.jpg 768w, https:\/\/mykoltrina-istria.com\/wp-content\/uploads\/2021\/09\/matosevic-120x80.jpg 120w, https:\/\/mykoltrina-istria.com\/wp-content\/uploads\/2021\/09\/matosevic-150x100.jpg 150w, https:\/\/mykoltrina-istria.com\/wp-content\/uploads\/2021\/09\/matosevic.jpg 915w\" sizes=\"(max-width: 394px) 100vw, 394px\" \/>        <\/a>\n    \n<div class=\"post-inner\">\n    <h3 class=\"post-title\"><a href=\"https:\/\/mykoltrina-istria.com\/de\/2021\/09\/27\/erstklassige-weine-aus-istrien\/\">Erstklassige Weine aus Istrien<\/a><\/h3>\n\n    <div class=\"post-meta\">\n    <a href=\"https:\/\/mykoltrina-istria.com\/de\/category\/travel-de\/\" rel=\"category tag\">Travel<\/a><\/div>\n\n            <div class=\"entry-content post-excerpt\">\n            <p>\n                Erstklassige Weine aus Istrien Die Heimat des Malvazija, des Teran \u2013 und vieler weiterer Spitzenweine \u2013 hei\u00dft Istrien! Dank einer jahrhundertelangen Weinkultur entstehen hier Weine, die sich perfekt mit regionalen Spezialit\u00e4ten kombinieren lassen \u2013 f\u00fcr ein unvergessliches Genuss-Erlebnis. Istrische Weintradition, &hellip; <a href=\"https:\/\/mykoltrina-istria.com\/de\/2021\/09\/27\/erstklassige-weine-aus-istrien\/\">Read More<\/a>            <\/p>\n        <\/div>\n            <div class=\"date-meta\">\n    <span class=\"thmv-author\">\n    <i class=\"xs-icon fa fa-calendar-o\"><\/i>\n    <!--div class=\"post-meta\"-->\n        <span class=\"themo-mas-date-meta show-author\"><a href=\"https:\/\/mykoltrina-istria.com\/de\/author\/admin_vsn0fie2\/\" title=\"Beitr\u00e4ge von admin\" rel=\"author\">admin<\/a><\/span>\n    <\/span>\n    \n        <time class=\"themo-mas-date-meta published thmv-date\" datetime=\"2021-09-27T10:11:02+00:00\">27. September 2021<\/time>\n            <!--\/div-->\n    <span class=\"is-sticky\">Featured Post<\/span>\n<\/div><\/div>\n                                <\/div>\n\n                            \n                        <\/div>\n                                            <\/section>\n\n                    \t\t\t\t<\/div>\n\t\t\t\t<\/div>\n\t\t\t\t\t<\/div>\n\t\t<\/div>\n\t\t\t\t\t<\/div>\n\t\t<\/section>\n\t\t\t\t<\/div>\n\t\t","protected":false},"excerpt":{"rendered":"<p>Blog Erfahren Sie mehr \u00fcber die nat\u00fcrlichen, kulinarischen und kulturellen Highlights, die Istrien zu bieten hat. Upoznajte Istru Travel Upoznajte Istru U\u017eivanje u Istri ne staje na Villi Moja Koltrina. Prekrasna Istra nudi sve od finih restorana do adrenalinskih parkova. &hellip; <a href=\"https:\/\/mykoltrina-istria.com\/de\/2021\/09\/27\/erstklassige-weine-aus-istrien\/\">Read More<\/a><\/p>\n","protected":false},"author":1,"featured_media":0,"parent":0,"menu_order":16,"comment_status":"closed","ping_status":"closed","template":"","meta":{"footnotes":""},"class_list":["post-1673","page","type-page","status-publish","hentry"],"_links":{"self":[{"href":"https:\/\/mykoltrina-istria.com\/de\/wp-json\/wp\/v2\/pages\/1673","targetHints":{"allow":["GET"]}}],"collection":[{"href":"https:\/\/mykoltrina-istria.com\/de\/wp-json\/wp\/v2\/pages"}],"about":[{"href":"https:\/\/mykoltrina-istria.com\/de\/wp-json\/wp\/v2\/types\/page"}],"author":[{"embeddable":true,"href":"https:\/\/mykoltrina-istria.com\/de\/wp-json\/wp\/v2\/users\/1"}],"replies":[{"embeddable":true,"href":"https:\/\/mykoltrina-istria.com\/de\/wp-json\/wp\/v2\/comments?post=1673"}],"version-history":[{"count":3,"href":"https:\/\/mykoltrina-istria.com\/de\/wp-json\/wp\/v2\/pages\/1673\/revisions"}],"predecessor-version":[{"id":1676,"href":"https:\/\/mykoltrina-istria.com\/de\/wp-json\/wp\/v2\/pages\/1673\/revisions\/1676"}],"wp:attachment":[{"href":"https:\/\/mykoltrina-istria.com\/de\/wp-json\/wp\/v2\/media?parent=1673"}],"curies":[{"name":"wp","href":"https:\/\/api.w.org\/{rel}","templated":true}]}}